{"id":28,"date":"2022-08-29T03:09:30","date_gmt":"2022-08-29T01:09:30","guid":{"rendered":"http:\/\/xn--thals-7ra.com\/?page_id=28"},"modified":"2024-04-14T16:25:33","modified_gmt":"2024-04-14T14:25:33","slug":"__page_01","status":"publish","type":"page","link":"https:\/\/xn--thals-7ra.com\/","title":{"rendered":"Bienvenu sur Thal\u00e8s"},"content":{"rendered":"\n<p><\/p>\n\n\n\n<p>   Thal\u00e8s est un site de vulgarisation scientifique. Dessus, vous y trouverez des articles de physique, de math\u00e9matiques, de g\u00e9om\u00e9tries et bien plus encore. Thal\u00e8s est un site de niveau interm\u00e9diaire. C&rsquo;est \u00e0 dire que vous y trouverez des sujets compliqu\u00e9s mais simplifi\u00e9s.<\/p>\n","protected":false},"excerpt":{"rendered":"<p>Thal\u00e8s est un site de vulgarisation scientifique. Dessus, vous y trouverez des articles de physique, de math\u00e9matiques, de g\u00e9om\u00e9tries et bien plus encore. Thal\u00e8s est un site de niveau interm\u00e9diaire. C&rsquo;est \u00e0 dire que vous y trouverez des sujets compliqu\u00e9s mais simplifi\u00e9s.<\/p>\n","protected":false},"author":1,"featured_media":36,"parent":0,"menu_order":0,"comment_status":"closed","ping_status":"closed","template":"","meta":{"footnotes":""},"class_list":["post-28","page","type-page","status-publish","has-post-thumbnail","hentry"],"_links":{"self":[{"href":"https:\/\/xn--thals-7ra.com\/index.php\/wp-json\/wp\/v2\/pages\/28","targetHints":{"allow":["GET"]}}],"collection":[{"href":"https:\/\/xn--thals-7ra.com\/index.php\/wp-json\/wp\/v2\/pages"}],"about":[{"href":"https:\/\/xn--thals-7ra.com\/index.php\/wp-json\/wp\/v2\/types\/page"}],"author":[{"embeddable":true,"href":"https:\/\/xn--thals-7ra.com\/index.php\/wp-json\/wp\/v2\/users\/1"}],"replies":[{"embeddable":true,"href":"https:\/\/xn--thals-7ra.com\/index.php\/wp-json\/wp\/v2\/comments?post=28"}],"version-history":[{"count":5,"href":"https:\/\/xn--thals-7ra.com\/index.php\/wp-json\/wp\/v2\/pages\/28\/revisions"}],"predecessor-version":[{"id":219,"href":"https:\/\/xn--thals-7ra.com\/index.php\/wp-json\/wp\/v2\/pages\/28\/revisions\/219"}],"wp:featuredmedia":[{"embeddable":true,"href":"https:\/\/xn--thals-7ra.com\/index.php\/wp-json\/wp\/v2\/media\/36"}],"wp:attachment":[{"href":"https:\/\/xn--thals-7ra.com\/index.php\/wp-json\/wp\/v2\/media?parent=28"}],"curies":[{"name":"wp","href":"https:\/\/api.w.org\/{rel}","templated":true}]}}