{"id":9,"date":"2022-08-29T03:03:47","date_gmt":"2022-08-29T01:03:47","guid":{"rendered":"http:\/\/xn--thals-7ra.com\/?page_id=9"},"modified":"2025-12-06T09:18:26","modified_gmt":"2025-12-06T08:18:26","slug":"a-propos-de","status":"publish","type":"page","link":"https:\/\/xn--thals-7ra.com\/index.php\/a-propos-de\/","title":{"rendered":"\u00c0 PROPOS&#8230;"},"content":{"rendered":"\n<p>Je suis passionn\u00e9 des sciences depuis longtemps et j&rsquo;ai ouvert ce blog \u00e0 l&rsquo;\u00e2ge de onze ans pour partager ma passion.<\/p>\n\n\n\n<p>Ce site s&rsquo;appelle Thal\u00e8s pour rendre hommage au grand math\u00e9maticien Thal\u00e8s de Millet, \u00e0 la fois philosophe et math\u00e9maticien. Il est connu pour avoir d\u00e9termin\u00e9 la hauteur des pyramides gr\u00e2ce \u00e0 la projection de l&rsquo;ombre sur le sol. <\/p>\n\n\n\n<p><\/p>\n\n\n\n<p class=\"has-text-align-center\"><\/p>\n","protected":false},"excerpt":{"rendered":"<p>Je suis passionn\u00e9 des sciences depuis longtemps et j&rsquo;ai ouvert ce blog \u00e0 l&rsquo;\u00e2ge de onze ans pour partager ma passion. Ce site s&rsquo;appelle Thal\u00e8s pour rendre hommage au grand math\u00e9maticien Thal\u00e8s de Millet, \u00e0 la fois philosophe et math\u00e9maticien. Il est connu pour avoir d\u00e9termin\u00e9 la hauteur des pyramides gr\u00e2ce \u00e0 la projection de &hellip; <\/p>\n<p class=\"link-more\"><a href=\"https:\/\/xn--thals-7ra.com\/index.php\/a-propos-de\/\" class=\"more-link\">Continuer la lecture<span class=\"screen-reader-text\"> de &laquo;&nbsp;\u00c0 PROPOS&#8230;&nbsp;&raquo;<\/span><\/a><\/p>\n","protected":false},"author":1,"featured_media":0,"parent":0,"menu_order":0,"comment_status":"closed","ping_status":"closed","template":"","meta":{"footnotes":""},"class_list":["post-9","page","type-page","status-publish","hentry"],"_links":{"self":[{"href":"https:\/\/xn--thals-7ra.com\/index.php\/wp-json\/wp\/v2\/pages\/9","targetHints":{"allow":["GET"]}}],"collection":[{"href":"https:\/\/xn--thals-7ra.com\/index.php\/wp-json\/wp\/v2\/pages"}],"about":[{"href":"https:\/\/xn--thals-7ra.com\/index.php\/wp-json\/wp\/v2\/types\/page"}],"author":[{"embeddable":true,"href":"https:\/\/xn--thals-7ra.com\/index.php\/wp-json\/wp\/v2\/users\/1"}],"replies":[{"embeddable":true,"href":"https:\/\/xn--thals-7ra.com\/index.php\/wp-json\/wp\/v2\/comments?post=9"}],"version-history":[{"count":9,"href":"https:\/\/xn--thals-7ra.com\/index.php\/wp-json\/wp\/v2\/pages\/9\/revisions"}],"predecessor-version":[{"id":342,"href":"https:\/\/xn--thals-7ra.com\/index.php\/wp-json\/wp\/v2\/pages\/9\/revisions\/342"}],"wp:attachment":[{"href":"https:\/\/xn--thals-7ra.com\/index.php\/wp-json\/wp\/v2\/media?parent=9"}],"curies":[{"name":"wp","href":"https:\/\/api.w.org\/{rel}","templated":true}]}}